{"id":1044,"date":"2025-01-30T12:04:39","date_gmt":"2025-01-30T11:04:39","guid":{"rendered":"https:\/\/aprina.org\/?page_id=1044"},"modified":"2025-03-13T19:51:03","modified_gmt":"2025-03-13T18:51:03","slug":"parrainer-une-ruche","status":"publish","type":"page","link":"https:\/\/aprina.org\/index.php\/apiculture\/parrainer-une-ruche\/","title":{"rendered":"Parrainez une ruche avec l&rsquo;association APRINA !"},"content":{"rendered":"\n<figure class=\"wp-block-image size-full\"><img loading=\"lazy\" decoding=\"async\" width=\"2560\" height=\"711\" src=\"https:\/\/aprina.org\/wp-content\/uploads\/2025\/01\/abeilles_parrainer-scaled.jpg\" alt=\"\" class=\"wp-image-1045\" srcset=\"https:\/\/aprina.org\/wp-content\/uploads\/2025\/01\/abeilles_parrainer-scaled.jpg 2560w, https:\/\/aprina.org\/wp-content\/uploads\/2025\/01\/abeilles_parrainer-300x83.jpg 300w, https:\/\/aprina.org\/wp-content\/uploads\/2025\/01\/abeilles_parrainer-1024x284.jpg 1024w, https:\/\/aprina.org\/wp-content\/uploads\/2025\/01\/abeilles_parrainer-768x213.jpg 768w, https:\/\/aprina.org\/wp-content\/uploads\/2025\/01\/abeilles_parrainer-1536x427.jpg 1536w, https:\/\/aprina.org\/wp-content\/uploads\/2025\/01\/abeilles_parrainer-2048x569.jpg 2048w, https:\/\/aprina.org\/wp-content\/uploads\/2025\/01\/abeilles_parrainer-1320x367.jpg 1320w\" sizes=\"auto, (max-width: 767px) 89vw, (max-width: 1000px) 54vw, (max-width: 1071px) 543px, 580px\" \/><\/figure>\n\n\n\n<p>Vous souhaitez contribuer \u00e0 la pr\u00e9servation de la biodiversit\u00e9 et participer \u00e0 la protection des abeilles ?&nbsp;<\/p>\n\n\n\n<p>APRINA, g\u00e8re des ruches avec soin et passion. En parrainant une ruche, vous aidez \u00e0 financer l&rsquo;entretien des colonies, la formation des apiculteurs et la sensibilisation du public \u00e0 l&rsquo;importance des pollinisateurs.<\/p>\n\n\n\n<p>Chaque parrainage permet de suivre l&rsquo;\u00e9volution des ruches, de recevoir des nouvelles r\u00e9guli\u00e8res et de d\u00e9guster du miel produit par vos prot\u00e9g\u00e9es. Une exp\u00e9rience id\u00e9ale pour les familles, les \u00e9coles ou les entreprises soucieuses de l&rsquo;environnement !<\/p>\n\n\n\n<p>Ensemble, faisons bourdonner la plan\u00e8te de vie et de couleurs ! <\/p>\n\n\n\n<p>\ud83d\udc40\u200b <strong>D\u00e9tails et modalit\u00e9s :<br><\/strong>Co\u00fbt du parrainage : 20\u20ac\/personne et par an. <br>Il s&rsquo;agit d&rsquo;un tarif minimum pour 6 parrains\/marraines. Vous pouvez donner davantage. <br>Co\u00fbt r\u00e9el : pour le bon fonctionnement d&rsquo;une ruche, APRINA d\u00e9pense pr\u00e8s de 300\u20ac (120\u20ac l&rsquo;achat d&rsquo;une ruche + 180\u20ac l&rsquo;achat d&rsquo;une colonie d&rsquo;abeilles) et il y a aussi l&rsquo;entretien (peinture, protection contre les frelons asiatiques) et la nourriture pour les abeilles (sucre)<br>Un parrainage de 20\u20ac ne couvre donc pas les frais engag\u00e9s, mais permet \u00e0 un plus grand nombre <strong>d&rsquo;\u00eatre immerg\u00e9, le temps d&rsquo;une saison, dans la vie passionnante et essentielle des abeilles, tout en d\u00e9gustant le miel de sa ruche !<\/strong><\/p>\n\n\n\n<p>\ud83d\udc49\u200b Je souhaite parrainer une ruche : <a href=\"mailto:aprina@laposte.net\">aprina@laposte.net<\/a><\/p>\n\n\n\n<p>\ud83d\udc49\u200b Je souhaite <a href=\"https:\/\/aprina.org\/wp-content\/uploads\/2025\/03\/parrainez-une-ruche-avec-aprina.pdf\" target=\"_blank\" rel=\"noreferrer noopener\">t\u00e9l\u00e9charger le flyer<\/a> et le proposer \u00e0 mes proches, amis, ou coll\u00e8gues<\/p>\n","protected":false},"excerpt":{"rendered":"<p>Vous souhaitez contribuer \u00e0 la pr\u00e9servation de la biodiversit\u00e9 et participer \u00e0 la protection des abeilles ?&nbsp; APRINA, g\u00e8re des ruches avec soin et passion. En parrainant une ruche, vous aidez \u00e0 financer l&rsquo;entretien des colonies, la formation des apiculteurs et la sensibilisation du public \u00e0 l&rsquo;importance des pollinisateurs. Chaque parrainage permet de suivre l&rsquo;\u00e9volution &hellip; <\/p>\n<p class=\"link-more\"><a href=\"https:\/\/aprina.org\/index.php\/apiculture\/parrainer-une-ruche\/\" class=\"more-link\">Continuer la lecture<span class=\"screen-reader-text\"> de &laquo;&nbsp;Parrainez une ruche avec l&rsquo;association APRINA !&nbsp;&raquo;<\/span><\/a><\/p>\n","protected":false},"author":3,"featured_media":0,"parent":111,"menu_order":2,"comment_status":"closed","ping_status":"closed","template":"","meta":{"footnotes":""},"class_list":["post-1044","page","type-page","status-publish","hentry"],"_links":{"self":[{"href":"https:\/\/aprina.org\/index.php\/wp-json\/wp\/v2\/pages\/1044","targetHints":{"allow":["GET"]}}],"collection":[{"href":"https:\/\/aprina.org\/index.php\/wp-json\/wp\/v2\/pages"}],"about":[{"href":"https:\/\/aprina.org\/index.php\/wp-json\/wp\/v2\/types\/page"}],"author":[{"embeddable":true,"href":"https:\/\/aprina.org\/index.php\/wp-json\/wp\/v2\/users\/3"}],"replies":[{"embeddable":true,"href":"https:\/\/aprina.org\/index.php\/wp-json\/wp\/v2\/comments?post=1044"}],"version-history":[{"count":6,"href":"https:\/\/aprina.org\/index.php\/wp-json\/wp\/v2\/pages\/1044\/revisions"}],"predecessor-version":[{"id":1084,"href":"https:\/\/aprina.org\/index.php\/wp-json\/wp\/v2\/pages\/1044\/revisions\/1084"}],"up":[{"embeddable":true,"href":"https:\/\/aprina.org\/index.php\/wp-json\/wp\/v2\/pages\/111"}],"wp:attachment":[{"href":"https:\/\/aprina.org\/index.php\/wp-json\/wp\/v2\/media?parent=1044"}],"curies":[{"name":"wp","href":"https:\/\/api.w.org\/{rel}","templated":true}]}}