{"id":1074,"date":"2025-03-13T17:57:44","date_gmt":"2025-03-13T16:57:44","guid":{"rendered":"https:\/\/aprina.org\/?page_id=1074"},"modified":"2025-03-13T18:17:11","modified_gmt":"2025-03-13T17:17:11","slug":"dons","status":"publish","type":"page","link":"https:\/\/aprina.org\/index.php\/dons\/","title":{"rendered":"DONS"},"content":{"rendered":"\n<p>Vous souhaitez soutenir les projets d&rsquo;APRINA sans devenir membre, vous pouvez nous faire un don libre via assoconnect : <a href=\"https:\/\/aprina.assoconnect.com\/collect\/description\/544350-c-campagne-de-dons-pour-soutenir-nos-projets\" target=\"_blank\" rel=\"noreferrer noopener\">https:\/\/aprina.assoconnect.com\/collect\/description\/544350-c-campagne-de-dons-pour-soutenir-nos-projets<\/a><\/p>\n\n\n\n<figure class=\"wp-block-image size-large is-resized\"><img decoding=\"async\" src=\"https:\/\/img.freepik.com\/vecteurs-libre\/illustration-concept-carte-remerciement_114360-14873.jpg?t=st=1741886015~exp=1741889615~hmac=a70613ebac3f6e5da63643fa64c3d330362696191fa20cc1fba6fb6de7019530&amp;w=740\" alt=\"\" style=\"width:280px;height:auto\"\/><\/figure>\n\n\n\n<p><strong>A QUOI VA SERVIR VOTRE DON ?<\/strong><\/p>\n\n\n\n<p>Nous g\u00e9rons actuellement 3 activit\u00e9s principales :<br>&#8211; Les Jardins partag\u00e9s<br>&#8211; Le repair&rsquo;caf\u00e9<br>&#8211; Les ateliers p\u00e9dagogiques sur l&rsquo;apiculture<\/p>\n\n\n\n<p>Ces ateliers fonctionnent gr\u00e2ce au b\u00e9n\u00e9volat, mais n\u00e9cessitent ponctuellement le savoir-faire d&rsquo;un intervenant ou l&rsquo;achat de mat\u00e9riel.<\/p>\n\n\n\n<p>&#8211; &gt; <strong>L&rsquo;apiculture <\/strong>n\u00e9cessite <strong>l&rsquo;achat ou la r\u00e9novation de ruches<\/strong>, l&rsquo;achat de <strong>colonies d&rsquo;abeilles<\/strong> (d\u00e9cim\u00e9es par les pesticides, les frelons asiatiques, ou les maladies) et de la <strong>nourriture <\/strong>pour celles-ci (nous ne leur donnons pas d&rsquo;antibiotique afin de garantir un miel de grande qualit\u00e9).<br><br><strong>Les ateliers p\u00e9dagogiques<\/strong> sont anim\u00e9s par un intervenant que nous r\u00e9mun\u00e9rons, mais <strong>sans nouveaux dons, nous ne pourrons pas continuer cette activit\u00e9<\/strong>. Votre don permettra \u00e0 l&rsquo;association de maintenir cette activit\u00e9 qui se d\u00e9veloppe aupr\u00e8s des \u00e9coles, et centres de loisirs, mais qui n\u00e9cessitent des fonds pour continuer.<\/p>\n\n\n\n<p>-&gt; <strong>Les jardins partag\u00e9s<\/strong> ressemblent 10 jardiniers qui exploitent leur parcelle avec leurs propres outils mais l&rsquo;entretien des espaces communs n\u00e9cessitent parfois <strong>l&rsquo;intervention d&rsquo;un agriculteur<\/strong>, ou <strong>l&rsquo;achats de mat\u00e9riaux pour s\u00e9curiser les lieux<\/strong>.&nbsp;<\/p>\n\n\n\n<p>&#8211; Le repair&rsquo;caf\u00e9 re\u00e7oit des dons des visiteurs, ce qui permet d&rsquo;acheter de petits outils pour les r\u00e9parateurs b\u00e9n\u00e9voles.<\/p>\n\n\n\n<p>Merci beaucoup pour votre aide ! <strong><a href=\"https:\/\/aprina.assoconnect.com\/collect\/description\/544350-c-campagne-de-dons-pour-soutenir-nos-projets\" target=\"_blank\" rel=\"noreferrer noopener\">Faire un don<\/a><\/strong><\/p>\n","protected":false},"excerpt":{"rendered":"<p>Vous souhaitez soutenir les projets d&rsquo;APRINA sans devenir membre, vous pouvez nous faire un don libre via assoconnect : https:\/\/aprina.assoconnect.com\/collect\/description\/544350-c-campagne-de-dons-pour-soutenir-nos-projets A QUOI VA SERVIR VOTRE DON ? Nous g\u00e9rons actuellement 3 activit\u00e9s principales :&#8211; Les Jardins partag\u00e9s&#8211; Le repair&rsquo;caf\u00e9&#8211; Les ateliers p\u00e9dagogiques sur l&rsquo;apiculture Ces ateliers fonctionnent gr\u00e2ce au b\u00e9n\u00e9volat, mais n\u00e9cessitent ponctuellement le savoir-faire &hellip; <\/p>\n<p class=\"link-more\"><a href=\"https:\/\/aprina.org\/index.php\/dons\/\" class=\"more-link\">Continuer la lecture<span class=\"screen-reader-text\"> de &laquo;&nbsp;DONS&nbsp;&raquo;<\/span><\/a><\/p>\n","protected":false},"author":3,"featured_media":0,"parent":0,"menu_order":0,"comment_status":"closed","ping_status":"closed","template":"","meta":{"footnotes":""},"class_list":["post-1074","page","type-page","status-publish","hentry"],"_links":{"self":[{"href":"https:\/\/aprina.org\/index.php\/wp-json\/wp\/v2\/pages\/1074","targetHints":{"allow":["GET"]}}],"collection":[{"href":"https:\/\/aprina.org\/index.php\/wp-json\/wp\/v2\/pages"}],"about":[{"href":"https:\/\/aprina.org\/index.php\/wp-json\/wp\/v2\/types\/page"}],"author":[{"embeddable":true,"href":"https:\/\/aprina.org\/index.php\/wp-json\/wp\/v2\/users\/3"}],"replies":[{"embeddable":true,"href":"https:\/\/aprina.org\/index.php\/wp-json\/wp\/v2\/comments?post=1074"}],"version-history":[{"count":6,"href":"https:\/\/aprina.org\/index.php\/wp-json\/wp\/v2\/pages\/1074\/revisions"}],"predecessor-version":[{"id":1081,"href":"https:\/\/aprina.org\/index.php\/wp-json\/wp\/v2\/pages\/1074\/revisions\/1081"}],"wp:attachment":[{"href":"https:\/\/aprina.org\/index.php\/wp-json\/wp\/v2\/media?parent=1074"}],"curies":[{"name":"wp","href":"https:\/\/api.w.org\/{rel}","templated":true}]}}