{"id":110,"date":"2018-09-07T16:21:10","date_gmt":"2018-09-07T14:21:10","guid":{"rendered":"http:\/\/vps384012.ovh.net\/wordpress\/?page_id=110"},"modified":"2025-01-10T12:24:31","modified_gmt":"2025-01-10T11:24:31","slug":"jardins","status":"publish","type":"page","link":"https:\/\/aprina.org\/index.php\/jardins\/","title":{"rendered":"JARDINS"},"content":{"rendered":"\n<figure class=\"wp-block-image size-medium\"><img loading=\"lazy\" decoding=\"async\" width=\"300\" height=\"225\" src=\"https:\/\/aprina.org\/wp-content\/uploads\/2021\/11\/IMG_20200519_183749-300x225.jpg\" alt=\"jardin partag\u00e9, herbes folles et panneau jean-marc\" class=\"wp-image-644\" srcset=\"https:\/\/aprina.org\/wp-content\/uploads\/2021\/11\/IMG_20200519_183749-300x225.jpg 300w, https:\/\/aprina.org\/wp-content\/uploads\/2021\/11\/IMG_20200519_183749-1024x768.jpg 1024w, https:\/\/aprina.org\/wp-content\/uploads\/2021\/11\/IMG_20200519_183749-768x576.jpg 768w, https:\/\/aprina.org\/wp-content\/uploads\/2021\/11\/IMG_20200519_183749-1536x1152.jpg 1536w, https:\/\/aprina.org\/wp-content\/uploads\/2021\/11\/IMG_20200519_183749-2048x1536.jpg 2048w, https:\/\/aprina.org\/wp-content\/uploads\/2021\/11\/IMG_20200519_183749-1320x990.jpg 1320w\" sizes=\"auto, (max-width: 300px) 100vw, 300px\" \/><\/figure>\n\n\n\n<p>APRINA PROPOSE \u00e0 ses adh\u00e9rents de cultiver une parcelle de jardin (jardin partag\u00e9) et\/ou de participer au jardin collectif. Vous pourrez ainsi vous initier (si ce n\u2019est d\u00e9j\u00e0 fait) au jardinage et profiterez du savoir faire des autres jardiniers, tout ceci dans un environnement convivial. <br>La participation \u00e0 l\u2019entretien et \u00e0 l\u2019am\u00e9nagement des communs du jardin est demand\u00e9e aux jardiniers.&nbsp; Contactez-nous pour en discuter.<\/p>\n\n\n\n<p class=\"has-text-color\" style=\"color:#09ac70\"><strong>R\u00e9f\u00e9rents Jardin\u00a0APRINA :<br>Ramdane<\/strong>: 07 58 46 43 31<br><strong>Rafik<\/strong>: 01 61 80 88 97<br>e-mail :\u00a0<a href=\"mailto:amelie.saddour@laposte.net\" target=\"_blank\" rel=\"noreferrer noopener\">ramdane.mr@gmail.com<\/a><\/p>\n\n\n<h1>\u00c9changes engrais naturels<\/h1>\n<p>bokashi<br \/>lombricompost<\/p>\n<p>Purins: orties consoude<\/p>\n<h1><a href=\"https:\/\/aprina.org\/index.php\/echange-graines-plants\/\">\u00c9changes graines et plants<\/a><\/h1>\n<p>Consultez la liste des graines de la <a href=\"https:\/\/aprina.org\/index.php\/grainotheque\/\">grainoth\u00e8que<\/a> APRINA<\/p>\n<h1>Fabrication<\/h1>\n<p>s\u00e9choir pour plantes aromatiques<br \/>compost \u2013 humus<\/p>\n<h1>Soins de la terre<\/h1>\n<p>paillage<br \/>plantes amies<br \/>animaux amis<\/p>\n<h1>Apprentissage<\/h1>\n<p>le greffage<br \/>la taille &#8230;.<\/p>\n\n\n<p><\/p>\n","protected":false},"excerpt":{"rendered":"<p>APRINA PROPOSE \u00e0 ses adh\u00e9rents de cultiver une parcelle de jardin (jardin partag\u00e9) et\/ou de participer au jardin collectif. Vous pourrez ainsi vous initier (si ce n\u2019est d\u00e9j\u00e0 fait) au jardinage et profiterez du savoir faire des autres jardiniers, tout ceci dans un environnement convivial. La participation \u00e0 l\u2019entretien et \u00e0 l\u2019am\u00e9nagement des communs du &hellip; <\/p>\n<p class=\"link-more\"><a href=\"https:\/\/aprina.org\/index.php\/jardins\/\" class=\"more-link\">Continuer la lecture<span class=\"screen-reader-text\"> de &laquo;&nbsp;JARDINS&nbsp;&raquo;<\/span><\/a><\/p>\n","protected":false},"author":3,"featured_media":0,"parent":0,"menu_order":0,"comment_status":"closed","ping_status":"closed","template":"","meta":{"footnotes":""},"class_list":["post-110","page","type-page","status-publish","hentry"],"_links":{"self":[{"href":"https:\/\/aprina.org\/index.php\/wp-json\/wp\/v2\/pages\/110","targetHints":{"allow":["GET"]}}],"collection":[{"href":"https:\/\/aprina.org\/index.php\/wp-json\/wp\/v2\/pages"}],"about":[{"href":"https:\/\/aprina.org\/index.php\/wp-json\/wp\/v2\/types\/page"}],"author":[{"embeddable":true,"href":"https:\/\/aprina.org\/index.php\/wp-json\/wp\/v2\/users\/3"}],"replies":[{"embeddable":true,"href":"https:\/\/aprina.org\/index.php\/wp-json\/wp\/v2\/comments?post=110"}],"version-history":[{"count":23,"href":"https:\/\/aprina.org\/index.php\/wp-json\/wp\/v2\/pages\/110\/revisions"}],"predecessor-version":[{"id":1092,"href":"https:\/\/aprina.org\/index.php\/wp-json\/wp\/v2\/pages\/110\/revisions\/1092"}],"wp:attachment":[{"href":"https:\/\/aprina.org\/index.php\/wp-json\/wp\/v2\/media?parent=110"}],"curies":[{"name":"wp","href":"https:\/\/api.w.org\/{rel}","templated":true}]}}