{"id":111,"date":"2018-09-07T16:21:10","date_gmt":"2018-09-07T14:21:10","guid":{"rendered":"http:\/\/vps384012.ovh.net\/wordpress\/?page_id=111"},"modified":"2025-04-15T11:54:06","modified_gmt":"2025-04-15T09:54:06","slug":"apiculture","status":"publish","type":"page","link":"https:\/\/aprina.org\/index.php\/apiculture\/","title":{"rendered":"APICULTURE"},"content":{"rendered":"\n<p class=\"has-luminous-vivid-orange-color has-text-color\"><strong>R\u00e9f\u00e9rent : <br><\/strong><strong><a href=\"mailto:aprina@laposte.net\" target=\"_blank\" rel=\"noreferrer noopener\">E-mail : aprina@laposte.net<\/a><\/strong><\/p>\n\n\n\n<p class=\"has-background\" style=\"background:linear-gradient(135deg,rgb(252,185,0) 0%,rgb(255,200,0) 100%)\"><strong>Nouvelle activit\u00e9 2025 : parrainez une ruche ! -&gt;<a href=\"https:\/\/aprina.org\/index.php\/apiculture\/parrainer-une-ruche\/\" data-type=\"link\" data-id=\"https:\/\/aprina.org\/index.php\/apiculture\/parrainer-une-ruche\/\"> lien ici<\/a><\/strong><\/p>\n\n\n\n<p class=\"has-large-font-size\"><strong><em>Ateliers p\u00e9dagogiques 2025 : inscrivez-vous !<\/em><\/strong><\/p>\n\n\n\n<p>\ud83d\udc49 <a href=\"https:\/\/aprina.org\/wp-content\/uploads\/2025\/03\/APRINA_atelier-PEDAG_flyer-A4-2025-enfants.pdf\" data-type=\"link\" data-id=\"https:\/\/aprina.org\/wp-content\/uploads\/2025\/03\/APRINA_atelier-PEDAG_flyer-A4-2025-enfants.pdf\" target=\"_blank\" rel=\"noreferrer noopener\">T\u00e9l\u00e9charger le flyer avec le d\u00e9tail de l&rsquo;atelier pour les enfants et \u00e9coliers<\/a><\/p>\n\n\n\n<p>Destin\u00e9s aux groupes scolaires ou aux adultes, les Ateliers d&rsquo;APRINA vous proposent une initiation \u00e0 l&rsquo;apiculture.<\/p>\n\n\n\n<p><strong>Ecoles et centres de loisirs<\/strong> : Claude, Daniel et Fran\u00e7ois apiculteurs passionn\u00e9s, se d\u00e9placent dans les \u00e9coles de la Brie Nangissienne avec leur mat\u00e9riel dont la fameuse ruche transparente pour faire d\u00e9couvrir aux enfants les extraordinaires pouvoirs des abeilles.<\/p>\n\n\n\n<p>\ud83d\udcf7 <strong>Voir les photos et la vid\u00e9o au centre de loisirs de Mormant : <a href=\"https:\/\/www.facebook.com\/reel\/506719022214957\" target=\"_blank\" rel=\"noreferrer noopener\">lien facebook<\/a><\/strong><\/p>\n\n\n\n<p>\ud83d\udcf7 <strong>D\u00e9couvrir les photos de l&rsquo;atelier au coll\u00e8ge Nicolas Fouquet (Mormant) \ud83d\udcf7<br><\/strong><a href=\"https:\/\/aprina.org\/index.php\/2024\/04\/04\/atelier-apiculture-au-college-nicolas-fouquet-de-mormant\/\" data-type=\"URL\" data-id=\"https:\/\/aprina.org\/index.php\/2024\/04\/04\/atelier-apiculture-au-college-nicolas-fouquet-de-mormant\/\" target=\"_blank\" rel=\"noreferrer noopener\">D\u00e9gustation de pain d&rsquo;\u00e9pices<\/a><br><a href=\"https:\/\/aprina.org\/index.php\/2024\/08\/26\/atelier-dapiculture-au-college-nicolas-fouquet-de-mormant-77\/\">La vie des abeilles et le mat\u00e9riel de l&rsquo;apiculteur<\/a><\/p>\n\n\n\n<p>\ud83d\udc49 <strong>Pour les adultes : organisation des ateliers pour la saison 2025<\/strong><\/p>\n\n\n\n<p><strong>Dimanche 13 avril &#8211; 16h : comprendre l&rsquo;apiculture<\/strong><\/p>\n\n\n\n<p>Ce jour-l\u00e0, on d\u00e9couvrira les rudiments th\u00e9oriques.\u00a0 Pas besoin d&rsquo;une tenue sp\u00e9ciale. <br>Nous ouvrirons une ruche avec ses abeilles lors d&rsquo;un prochain rendez-vous.<\/p>\n\n\n\n<p>Lieu du rendez-vous : Chez Claude Lesage, 7 rue du ch\u00e2teau de la grenouille 77720 Mormant<\/p>\n\n\n\n<p>Vous avez manqu\u00e9 le rdv et souhaitez y participer ? contactez Claude au 01 64 06 98 84<\/p>\n\n\n\n<p>Ces ateliers sont un rendez-vous mensuel d&rsquo;avril \u00e0 fin juin, avec au programme :<br>Connaissances des abeilles et des produits de la ruche, entretien des ruches et fabrication de peinture su\u00e9doise, les bases de la g\u00e9obiologie, et le dernier atelier est consacr\u00e9 \u00e0 la r\u00e9colte du miel et sa mise en pot, sous r\u00e9serve de quantit\u00e9 n\u00e9cessaire*.<\/p>\n\n\n\n<p>* En 2024, la m\u00e9t\u00e9o pluvieuse n&rsquo;ayant pas \u00e9t\u00e9 favorable \u00e0 nos petites abeilles, leur miel leur a \u00e9t\u00e9 laiss\u00e9 pour qu&rsquo;elles se nourrissent.<\/p>\n\n\n\n<p>&#8212;&#8212;&#8212;&#8212;&#8212;&#8212;&#8212;&#8212;&#8212;&#8212;&#8212;&#8212;&#8212;&#8212;&#8212;&#8212;&#8212;&#8212;&#8212;&#8212;&#8212;&#8212;&#8212;&#8212;&#8212;<\/p>\n","protected":false},"excerpt":{"rendered":"<p>R\u00e9f\u00e9rent : E-mail : aprina@laposte.net Nouvelle activit\u00e9 2025 : parrainez une ruche ! -&gt; lien ici Ateliers p\u00e9dagogiques 2025 : inscrivez-vous ! \ud83d\udc49 T\u00e9l\u00e9charger le flyer avec le d\u00e9tail de l&rsquo;atelier pour les enfants et \u00e9coliers Destin\u00e9s aux groupes scolaires ou aux adultes, les Ateliers d&rsquo;APRINA vous proposent une initiation \u00e0 l&rsquo;apiculture. Ecoles et centres &hellip; <\/p>\n<p class=\"link-more\"><a href=\"https:\/\/aprina.org\/index.php\/apiculture\/\" class=\"more-link\">Continuer la lecture<span class=\"screen-reader-text\"> de &laquo;&nbsp;APICULTURE&nbsp;&raquo;<\/span><\/a><\/p>\n","protected":false},"author":3,"featured_media":0,"parent":0,"menu_order":0,"comment_status":"closed","ping_status":"closed","template":"","meta":{"footnotes":""},"class_list":["post-111","page","type-page","status-publish","hentry"],"_links":{"self":[{"href":"https:\/\/aprina.org\/index.php\/wp-json\/wp\/v2\/pages\/111","targetHints":{"allow":["GET"]}}],"collection":[{"href":"https:\/\/aprina.org\/index.php\/wp-json\/wp\/v2\/pages"}],"about":[{"href":"https:\/\/aprina.org\/index.php\/wp-json\/wp\/v2\/types\/page"}],"author":[{"embeddable":true,"href":"https:\/\/aprina.org\/index.php\/wp-json\/wp\/v2\/users\/3"}],"replies":[{"embeddable":true,"href":"https:\/\/aprina.org\/index.php\/wp-json\/wp\/v2\/comments?post=111"}],"version-history":[{"count":41,"href":"https:\/\/aprina.org\/index.php\/wp-json\/wp\/v2\/pages\/111\/revisions"}],"predecessor-version":[{"id":1097,"href":"https:\/\/aprina.org\/index.php\/wp-json\/wp\/v2\/pages\/111\/revisions\/1097"}],"wp:attachment":[{"href":"https:\/\/aprina.org\/index.php\/wp-json\/wp\/v2\/media?parent=111"}],"curies":[{"name":"wp","href":"https:\/\/api.w.org\/{rel}","templated":true}]}}