{"id":114,"date":"2018-09-07T16:21:10","date_gmt":"2018-09-07T14:21:10","guid":{"rendered":"http:\/\/vps384012.ovh.net\/wordpress\/?page_id=114"},"modified":"2018-11-13T19:15:18","modified_gmt":"2018-11-13T18:15:18","slug":"benevolat","status":"publish","type":"page","link":"https:\/\/aprina.org\/index.php\/benevolat\/","title":{"rendered":"B\u00c9N\u00c9VOLAT"},"content":{"rendered":"<p>Comme la plupart des associations, nous nous appuyons sur le b\u00e9n\u00e9volat pour faire fonctionner A P RI NA.\u00a0 Nombre de postes dans ce cadre sont \u00e0 pourvoir, notamment pour aider A P RI NA \u00e0 \u00e9voluer dans ses objectifs tels que ceux d\u00e9crits dans notre charte mais aussi pour participer aux manifestation de A P RI NA. En guise de reconnaissance, nous vous distriburons des <a href=\"https:\/\/aprina.org\/index.php\/monnaies-locales\/\">MLF notre monnaie locale et interne<\/a> capable de valoriser les efforts de chacun en vue de profiter les produits et services issus de A P RI NA.<\/p>\n<p>&nbsp;<\/p>\n","protected":false},"excerpt":{"rendered":"<p>Comme la plupart des associations, nous nous appuyons sur le b\u00e9n\u00e9volat pour faire fonctionner A P RI NA.\u00a0 Nombre de postes dans ce cadre sont \u00e0 pourvoir, notamment pour aider A P RI NA \u00e0 \u00e9voluer dans ses objectifs tels que ceux d\u00e9crits dans notre charte mais aussi pour participer aux manifestation de A P &hellip; <\/p>\n<p class=\"link-more\"><a href=\"https:\/\/aprina.org\/index.php\/benevolat\/\" class=\"more-link\">Continuer la lecture<span class=\"screen-reader-text\"> de &laquo;&nbsp;B\u00c9N\u00c9VOLAT&nbsp;&raquo;<\/span><\/a><\/p>\n","protected":false},"author":3,"featured_media":0,"parent":0,"menu_order":0,"comment_status":"closed","ping_status":"closed","template":"","meta":{"footnotes":""},"class_list":["post-114","page","type-page","status-publish","hentry"],"_links":{"self":[{"href":"https:\/\/aprina.org\/index.php\/wp-json\/wp\/v2\/pages\/114","targetHints":{"allow":["GET"]}}],"collection":[{"href":"https:\/\/aprina.org\/index.php\/wp-json\/wp\/v2\/pages"}],"about":[{"href":"https:\/\/aprina.org\/index.php\/wp-json\/wp\/v2\/types\/page"}],"author":[{"embeddable":true,"href":"https:\/\/aprina.org\/index.php\/wp-json\/wp\/v2\/users\/3"}],"replies":[{"embeddable":true,"href":"https:\/\/aprina.org\/index.php\/wp-json\/wp\/v2\/comments?post=114"}],"version-history":[{"count":7,"href":"https:\/\/aprina.org\/index.php\/wp-json\/wp\/v2\/pages\/114\/revisions"}],"predecessor-version":[{"id":360,"href":"https:\/\/aprina.org\/index.php\/wp-json\/wp\/v2\/pages\/114\/revisions\/360"}],"wp:attachment":[{"href":"https:\/\/aprina.org\/index.php\/wp-json\/wp\/v2\/media?parent=114"}],"curies":[{"name":"wp","href":"https:\/\/api.w.org\/{rel}","templated":true}]}}