{"id":136,"date":"2018-09-17T18:33:04","date_gmt":"2018-09-17T16:33:04","guid":{"rendered":"http:\/\/vps384012.ovh.net\/wordpress\/?page_id=136"},"modified":"2025-04-09T13:56:48","modified_gmt":"2025-04-09T11:56:48","slug":"repair-cafe","status":"publish","type":"page","link":"https:\/\/aprina.org\/index.php\/repair-cafe\/","title":{"rendered":"REPAIR CAF\u00c9"},"content":{"rendered":"<h5><img loading=\"lazy\" decoding=\"async\" class=\"alignleft wp-image-625 size-full\" src=\"https:\/\/aprina.org\/wp-content\/uploads\/2021\/11\/repair-de-mormant_fb.jpg\" alt=\"illu repair caf\u00e9 de mormant\" width=\"936\" height=\"450\" srcset=\"https:\/\/aprina.org\/wp-content\/uploads\/2021\/11\/repair-de-mormant_fb.jpg 936w, https:\/\/aprina.org\/wp-content\/uploads\/2021\/11\/repair-de-mormant_fb-300x144.jpg 300w, https:\/\/aprina.org\/wp-content\/uploads\/2021\/11\/repair-de-mormant_fb-768x369.jpg 768w\" sizes=\"auto, (max-width: 767px) 89vw, (max-width: 1000px) 54vw, (max-width: 1071px) 543px, 580px\" \/><\/h5>\n<h5>Un endroit convivial o\u00f9 vous nous retrouverez autour d&rsquo;un caf\u00e9 et autres.<\/h5>\n<p>Un appareil m\u00e9nager ou un outil ne fonctionne plus, plut\u00f4t que de le jeter et en acheter un autre, tentez de le ressusciter en l&rsquo;amenant \u00e0 nos sessions de <strong>Repair Caf\u00e9<\/strong> o\u00f9 nos bricoleurs b\u00e9n\u00e9voles se feront un plaisir de trouver la panne et de la r\u00e9parer si possible.<\/p>\n<p><strong>\ud83d\udcc5 Quand ?<\/strong><br \/>\nLe <strong>1er samedi de chaque<\/strong> mois de 14h \u00e0 17h<\/p>\n<p><strong>\ud83c\udd7f\ufe0f O\u00f9 ?<\/strong><br \/>\nMaison des associations, <strong>complexe sportif de Mormant<\/strong> (77), parking rue des Alpes.<\/p>\n<p><strong><span style=\"font-size: revert; color: initial;\">\ud83e\udd37\ud83c\udffc\u200d\u2640\ufe0f Qui peut venir ?<br \/>\n<\/span><\/strong>Le Repair Caf\u00e9 est <strong>ouvert \u00e0 tous<\/strong>, adh\u00e9rents d&rsquo;APRINA et non adh\u00e9rents.<\/p>\n<p><strong>Agenda 2025 du Repair Caf\u00e9<\/strong> :<br \/>\n<b>7 janvier\/ 1er f\u00e9vrier \/ 1er mars \/ 5 avril \/ 3 mai \/ 7 juin \/ 6 sept. \/ 4 oct. \/ 1er nov. \/ 6 d\u00e9c.<\/b><br \/>\n<b>Ne ratez pas une date, abonnez-vous \u00e0 notre page <\/b><b><a href=\"https:\/\/www.facebook.com\/repaircafemormant\">Facebook d\u00e9di\u00e9e :<\/a><\/b><b> <\/b><span style=\"color: #333399;\"><b>@repaircafemormant<\/b><\/span><br \/>\n<span style=\"color: #333399;\"><strong data-rich-text-format-boundary=\"true\"><br \/>\nR\u00e9f\u00e9rents Repair Caf\u00e9 :<br \/>\n<\/strong><\/span>H\u00e9l\u00e8ne (06 25 04 76 58) et Ramdane (07 58 46 43 31)<br \/>\n<span style=\"color: #333399;\">e-mail : <a style=\"color: #333399;\" href=\"mailto:amelie.saddour@laposte.net\" target=\"_blank\" rel=\"noreferrer noopener\">aprina@laposte.net<\/a><\/span><\/p>\n","protected":false},"excerpt":{"rendered":"<p>Un endroit convivial o\u00f9 vous nous retrouverez autour d&rsquo;un caf\u00e9 et autres. Un appareil m\u00e9nager ou un outil ne fonctionne plus, plut\u00f4t que de le jeter et en acheter un autre, tentez de le ressusciter en l&rsquo;amenant \u00e0 nos sessions de Repair Caf\u00e9 o\u00f9 nos bricoleurs b\u00e9n\u00e9voles se feront un plaisir de trouver la panne &hellip; <\/p>\n<p class=\"link-more\"><a href=\"https:\/\/aprina.org\/index.php\/repair-cafe\/\" class=\"more-link\">Continuer la lecture<span class=\"screen-reader-text\"> de &laquo;&nbsp;REPAIR CAF\u00c9&nbsp;&raquo;<\/span><\/a><\/p>\n","protected":false},"author":3,"featured_media":0,"parent":0,"menu_order":0,"comment_status":"closed","ping_status":"closed","template":"","meta":{"footnotes":""},"class_list":["post-136","page","type-page","status-publish","hentry"],"_links":{"self":[{"href":"https:\/\/aprina.org\/index.php\/wp-json\/wp\/v2\/pages\/136","targetHints":{"allow":["GET"]}}],"collection":[{"href":"https:\/\/aprina.org\/index.php\/wp-json\/wp\/v2\/pages"}],"about":[{"href":"https:\/\/aprina.org\/index.php\/wp-json\/wp\/v2\/types\/page"}],"author":[{"embeddable":true,"href":"https:\/\/aprina.org\/index.php\/wp-json\/wp\/v2\/users\/3"}],"replies":[{"embeddable":true,"href":"https:\/\/aprina.org\/index.php\/wp-json\/wp\/v2\/comments?post=136"}],"version-history":[{"count":31,"href":"https:\/\/aprina.org\/index.php\/wp-json\/wp\/v2\/pages\/136\/revisions"}],"predecessor-version":[{"id":1093,"href":"https:\/\/aprina.org\/index.php\/wp-json\/wp\/v2\/pages\/136\/revisions\/1093"}],"wp:attachment":[{"href":"https:\/\/aprina.org\/index.php\/wp-json\/wp\/v2\/media?parent=136"}],"curies":[{"name":"wp","href":"https:\/\/api.w.org\/{rel}","templated":true}]}}