{"id":243,"date":"2018-10-24T11:08:44","date_gmt":"2018-10-24T09:08:44","guid":{"rendered":"http:\/\/aprina.org\/wordpress\/?page_id=243"},"modified":"2025-01-10T12:24:06","modified_gmt":"2025-01-10T11:24:06","slug":"echange-graines-plants","status":"publish","type":"page","link":"https:\/\/aprina.org\/index.php\/echange-graines-plants\/","title":{"rendered":"\u00c9change-graines-plants"},"content":{"rendered":"<p>Il s&rsquo;agit de constituer un magasin de graines aliment\u00e9 par les adh\u00e9rents. Chaque adh\u00e9rent r\u00e9colte les graines de leurs plantes\/fruit et nous les stockons dans un endroit adapt\u00e9. Nous \u00e9tendons cette activit\u00e9 pour les plants de fruits, l\u00e9gumes mais aussi arbres. Ce syst\u00e8me d&rsquo;\u00e9change s&rsquo;appuie sur l&rsquo;usage du MLF (voir monnaies compl\u00e9mentaires).<\/p>\n<p>Pour voir cette activit\u00e9 d\u00e9marrer r\u00e9ellement il faudra s&rsquo;armer de patience car nous avons besoin d&rsquo;un minimum de logistique pour sa mise en place.<\/p>\n<p>-&gt; Consulter la grainoth\u00e8que : https:\/\/aprina.org\/index.php\/grainotheque\/<\/p>\n<p style=\"text-align: right;\"><a href=\"https:\/\/aprina.org\/index.php\/jardins\/\">Retour \u00e0 JARDINS<\/a><\/p>\n","protected":false},"excerpt":{"rendered":"<p>Il s&rsquo;agit de constituer un magasin de graines aliment\u00e9 par les adh\u00e9rents. Chaque adh\u00e9rent r\u00e9colte les graines de leurs plantes\/fruit et nous les stockons dans un endroit adapt\u00e9. Nous \u00e9tendons cette activit\u00e9 pour les plants de fruits, l\u00e9gumes mais aussi arbres. Ce syst\u00e8me d&rsquo;\u00e9change s&rsquo;appuie sur l&rsquo;usage du MLF (voir monnaies compl\u00e9mentaires). Pour voir cette &hellip; <\/p>\n<p class=\"link-more\"><a href=\"https:\/\/aprina.org\/index.php\/echange-graines-plants\/\" class=\"more-link\">Continuer la lecture<span class=\"screen-reader-text\"> de &laquo;&nbsp;\u00c9change-graines-plants&nbsp;&raquo;<\/span><\/a><\/p>\n","protected":false},"author":3,"featured_media":0,"parent":0,"menu_order":0,"comment_status":"closed","ping_status":"closed","template":"","meta":{"footnotes":""},"class_list":["post-243","page","type-page","status-publish","hentry"],"_links":{"self":[{"href":"https:\/\/aprina.org\/index.php\/wp-json\/wp\/v2\/pages\/243","targetHints":{"allow":["GET"]}}],"collection":[{"href":"https:\/\/aprina.org\/index.php\/wp-json\/wp\/v2\/pages"}],"about":[{"href":"https:\/\/aprina.org\/index.php\/wp-json\/wp\/v2\/types\/page"}],"author":[{"embeddable":true,"href":"https:\/\/aprina.org\/index.php\/wp-json\/wp\/v2\/users\/3"}],"replies":[{"embeddable":true,"href":"https:\/\/aprina.org\/index.php\/wp-json\/wp\/v2\/comments?post=243"}],"version-history":[{"count":8,"href":"https:\/\/aprina.org\/index.php\/wp-json\/wp\/v2\/pages\/243\/revisions"}],"predecessor-version":[{"id":1030,"href":"https:\/\/aprina.org\/index.php\/wp-json\/wp\/v2\/pages\/243\/revisions\/1030"}],"wp:attachment":[{"href":"https:\/\/aprina.org\/index.php\/wp-json\/wp\/v2\/media?parent=243"}],"curies":[{"name":"wp","href":"https:\/\/api.w.org\/{rel}","templated":true}]}}