{"id":346,"date":"2022-08-17T16:53:11","date_gmt":"2022-08-17T14:53:11","guid":{"rendered":"http:\/\/aprina.org\/wordpress\/?page_id=346"},"modified":"2023-10-13T20:03:47","modified_gmt":"2023-10-13T18:03:47","slug":"projets","status":"publish","type":"page","link":"https:\/\/aprina.org\/index.php\/projets\/","title":{"rendered":"PROJETS"},"content":{"rendered":"\n<p>Nous sommes heureux et fiers que ce projet soit maintenant une activit\u00e9 p\u00e9renne d&rsquo;APRINA !<br>Retrouvez toutes les infos concernant les ateliers apiculture dans le menu \u00ab\u00a0<a href=\"https:\/\/aprina.org\/index.php\/apiculture\/\" target=\"_blank\" rel=\"noreferrer noopener\">Activit\u00e9s<\/a>\u00ab\u00a0<\/p>\n\n\n\n<p>Ci-dessous la petite histoire de la cr\u00e9ation des ateliers&#8230;<\/p>\n\n\n\n<figure class=\"wp-block-image size-large\"><img loading=\"lazy\" decoding=\"async\" width=\"970\" height=\"250\" src=\"https:\/\/aprina.org\/wp-content\/uploads\/2022\/08\/Web-Banniere-970x250-1.jpg\" alt=\"\" class=\"wp-image-705\" srcset=\"https:\/\/aprina.org\/wp-content\/uploads\/2022\/08\/Web-Banniere-970x250-1.jpg 970w, https:\/\/aprina.org\/wp-content\/uploads\/2022\/08\/Web-Banniere-970x250-1-300x77.jpg 300w, https:\/\/aprina.org\/wp-content\/uploads\/2022\/08\/Web-Banniere-970x250-1-768x198.jpg 768w\" sizes=\"auto, (max-width: 767px) 89vw, (max-width: 1000px) 54vw, (max-width: 1071px) 543px, 580px\" \/><\/figure>\n\n\n\n<p>A l&rsquo;occasion de la 4<sup>\u00e8me<\/sup>&nbsp;\u00e9dition du&nbsp;<a href=\"https:\/\/www.iledefrance.fr\/budget-participatif-ecologique-et-solidaire-decouvrez-tous-les-projets-laureats\" data-type=\"URL\" data-id=\"https:\/\/www.iledefrance.fr\/budget-participatif-ecologique-et-solidaire-decouvrez-tous-les-projets-laureats\" target=\"_blank\" rel=\"noreferrer noopener\">Budget participatif \u00e9cologique et solidaire de la r\u00e9gion \u00cele-de-France<\/a>, APRINA a propos\u00e9 de r\u00e9introduire des <strong>colonies d&rsquo;abeilles \u00e0 Mormant<\/strong>. <strong>Notre projet \u00ab\u00a0Les abeilles reines de nos campagnes, ateliers apiculture \u00e0 Mormant\u00a0\u00bb a \u00e9t\u00e9 s\u00e9lectionn\u00e9<\/strong> par la r\u00e9gion, mais maintenant, nous avons besoin de vos votes. Pour sensibiliser petits et grands \u00e0 la sauvegarde des abeilles, l\u2019association doit acheter une vingtaine de colonies, des tenues adapt\u00e9es et du mat\u00e9riel s\u00e9curis\u00e9 pour recevoir les visiteurs dans les meilleures conditions.<\/p>\n\n\n\n<p><strong>PRESENTATION DU PROJET<\/strong><\/p>\n\n\n\n<p>Ouvri\u00e8res indispensables \u00e0 la biodiversit\u00e9, les abeilles garantissent la survie des plantes et participent au d\u00e9veloppement d\u2019un tiers des aliments que nous consommons. Sur pr\u00e8s de 27km2 elles polliniseront les arbres fruitiers, s\u2019attarderont dans les potagers, et bien s\u00fbr, elles fourniront du miel !<\/p>\n\n\n\n<p>Des <strong>ateliers p\u00e9dagogiques<\/strong> seront propos\u00e9s aux \u00e9coles :<br>Gr\u00e2ce \u00e0 <strong>une ruche transparente<\/strong>, les enfants pourront voir l\u2019organisation d\u2019une colonie, le travail des abeilles et peut-\u00eatre m\u00eame retrouver la reine !<br>APRINA proposera \u00e9galement des ateliers <strong>pour les plus grands<\/strong> (ados et adultes), <strong>sur sites<\/strong>, avec des <strong>tenues adapt\u00e9es et s\u00e9curis\u00e9es<\/strong>. Par groupe de 5 visiteurs maximum autour d\u2019une ruche, chacun pourra participer au pr\u00e9l\u00e8vement des cadres, \u00e0 l\u2019enfumage, ou <strong>apprendre toutes les \u00e9tapes de l\u2019apiculture<\/strong> en suivant les membres de l\u2019association jusqu\u2019aux extracteurs de miel.<br>Ces ateliers seront <strong>supervis\u00e9s par <a rel=\"noreferrer noopener\" href=\"https:\/\/youtu.be\/krBtLay8V5g\" data-type=\"URL\" data-id=\"https:\/\/youtu.be\/krBtLay8V5g\" target=\"_blank\">Claude Lesage<\/a>, apiculteur \u00e0 Mormant et animateur<\/strong> d\u2019ateliers p\u00e9dagogiques depuis les ann\u00e9es 90\u2019s.<\/p>\n\n\n\n<p>Initiative de l\u2019association APRINA, ce projet est <strong>soutenu par Pierre-Yves Nicot, maire de Mormant<\/strong>.<br><strong>Nous avons besoin de vos votes pour voir ce projet aboutir<\/strong>. Go\u00fbter au bon miel, oui ! Mais aussi participer \u00e0 l\u2019\u00e9quilibre d\u2019un \u00e9cosyst\u00e8me indispensable \u00e0 l\u2019humanit\u00e9.<\/p>\n\n\n\n<p><strong><em>Nous comptons sur vous. Merci !<\/em><\/strong> <\/p>\n\n\n\n<p><strong>Comment voter<\/strong> : (ouverture des votes du 5 au 25 septembre. lien prochainement disponible)<\/p>\n\n\n\n<figure class=\"wp-block-image size-large\"><img loading=\"lazy\" decoding=\"async\" width=\"950\" height=\"310\" src=\"https:\/\/aprina.org\/wp-content\/uploads\/2022\/08\/visuel.jpg\" alt=\"\" class=\"wp-image-706\" srcset=\"https:\/\/aprina.org\/wp-content\/uploads\/2022\/08\/visuel.jpg 950w, https:\/\/aprina.org\/wp-content\/uploads\/2022\/08\/visuel-300x98.jpg 300w, https:\/\/aprina.org\/wp-content\/uploads\/2022\/08\/visuel-768x251.jpg 768w\" sizes=\"auto, (max-width: 767px) 89vw, (max-width: 1000px) 54vw, (max-width: 1071px) 543px, 580px\" \/><\/figure>\n","protected":false},"excerpt":{"rendered":"<p>Nous sommes heureux et fiers que ce projet soit maintenant une activit\u00e9 p\u00e9renne d&rsquo;APRINA !Retrouvez toutes les infos concernant les ateliers apiculture dans le menu \u00ab\u00a0Activit\u00e9s\u00ab\u00a0 Ci-dessous la petite histoire de la cr\u00e9ation des ateliers&#8230; A l&rsquo;occasion de la 4\u00e8me&nbsp;\u00e9dition du&nbsp;Budget participatif \u00e9cologique et solidaire de la r\u00e9gion \u00cele-de-France, APRINA a propos\u00e9 de r\u00e9introduire des &hellip; <\/p>\n<p class=\"link-more\"><a href=\"https:\/\/aprina.org\/index.php\/projets\/\" class=\"more-link\">Continuer la lecture<span class=\"screen-reader-text\"> de &laquo;&nbsp;PROJETS&nbsp;&raquo;<\/span><\/a><\/p>\n","protected":false},"author":3,"featured_media":0,"parent":0,"menu_order":0,"comment_status":"open","ping_status":"closed","template":"","meta":{"footnotes":""},"class_list":["post-346","page","type-page","status-publish","hentry"],"_links":{"self":[{"href":"https:\/\/aprina.org\/index.php\/wp-json\/wp\/v2\/pages\/346","targetHints":{"allow":["GET"]}}],"collection":[{"href":"https:\/\/aprina.org\/index.php\/wp-json\/wp\/v2\/pages"}],"about":[{"href":"https:\/\/aprina.org\/index.php\/wp-json\/wp\/v2\/types\/page"}],"author":[{"embeddable":true,"href":"https:\/\/aprina.org\/index.php\/wp-json\/wp\/v2\/users\/3"}],"replies":[{"embeddable":true,"href":"https:\/\/aprina.org\/index.php\/wp-json\/wp\/v2\/comments?post=346"}],"version-history":[{"count":6,"href":"https:\/\/aprina.org\/index.php\/wp-json\/wp\/v2\/pages\/346\/revisions"}],"predecessor-version":[{"id":892,"href":"https:\/\/aprina.org\/index.php\/wp-json\/wp\/v2\/pages\/346\/revisions\/892"}],"wp:attachment":[{"href":"https:\/\/aprina.org\/index.php\/wp-json\/wp\/v2\/media?parent=346"}],"curies":[{"name":"wp","href":"https:\/\/api.w.org\/{rel}","templated":true}]}}