{"id":467,"date":"2020-05-14T12:42:15","date_gmt":"2020-05-14T10:42:15","guid":{"rendered":"http:\/\/aprina.org\/?page_id=467"},"modified":"2026-04-13T11:57:58","modified_gmt":"2026-04-13T09:57:58","slug":"demarrage-du-sel","status":"publish","type":"page","link":"https:\/\/aprina.org\/index.php\/demarrage-du-sel\/","title":{"rendered":"D\u00e9marrage du SEL"},"content":{"rendered":"\n<p><\/p>\n\n\n\n<figure class=\"wp-block-image size-large\"><img loading=\"lazy\" decoding=\"async\" width=\"500\" height=\"237\" src=\"https:\/\/aprina.org\/wp-content\/uploads\/2021\/03\/illu-question_SEL.jpg\" alt=\"\" class=\"wp-image-577\" srcset=\"https:\/\/aprina.org\/wp-content\/uploads\/2021\/03\/illu-question_SEL.jpg 500w, https:\/\/aprina.org\/wp-content\/uploads\/2021\/03\/illu-question_SEL-300x142.jpg 300w\" sizes=\"auto, (max-width: 500px) 100vw, 500px\" \/><\/figure>\n\n\n\n<h3 class=\"wp-block-heading\"><strong>Le S.E.L., qu&rsquo;est-ce que c&rsquo;est ?<\/strong><\/h3>\n\n\n\n<p class=\"has-text-align-left\"><br>S.E.L. est l\u2019acronyme de Syst\u00e8me d\u2019\u00c9change Local.<br>C&rsquo;est un syst\u00e8me&nbsp;<strong>non-marchand<\/strong>&nbsp;de partage repr\u00e9sent\u00e9 par <strong>un groupe de personnes<\/strong>&nbsp;de taille variable (de 30 \u00e0 600 adh\u00e9rents voire plus, et m\u00eame moins) o\u00f9 chacun met des biens, connaissances ou savoir-faire au service des autres.<br>Les \u00e9changes, au sein d\u2019un SEL, sont r\u00e9gies par une unit\u00e9 locale d\u00e9finie par le groupe (ici la MLF) et d\u00e9passent ainsi le simple troc.<br><em>Par exemple : <br>Jacques donne un cours de soutien \u00e0 Marie et re\u00e7oit 5 MLF.<br>Marie garde les enfants de Pascale pendant 2 heures et re\u00e7oit 10 MLF.<br>Pascale pr\u00eate sa brouette \u00e0 Pierre et re\u00e7oit 2MLF.<br>Julie donne un livre et re\u00e7oit 2MLF<\/em><\/p>\n\n\n\n<p class=\"has-text-align-left\"><strong><br><\/strong>Gr\u00e2ce \u00e0 cet interm\u00e9diaire de l\u2019unit\u00e9 locale, la r\u00e9ciprocit\u00e9 de l\u2019\u00e9change ne se fait plus juste avec la personne qui nous a donn\u00e9, mais avec tout le groupe. Ce qui d\u00e9multiplie le champs des possibles, encourage le don (je donne plus facilement si je sais que je vais recevoir en retour), encourage la solidarit\u00e9, le partage des savoirs, l\u2019entraide, d\u00e9veloppe l\u2019esprit d\u2019appartenance \u00e0 la communaut\u00e9 et repr\u00e9sente une r\u00e9elle alternative au syst\u00e8me marchand.<\/p>\n\n\n\n<h3 class=\"wp-block-heading\"><strong>Le S.E.L. chez APRINA, comment \u00e7a marche&nbsp;?<\/strong><\/h3>\n\n\n\n<p>Une fois adh\u00e9rent \u00e0 APRINA, il vous sera cr\u00e9\u00e9 un compte S.E.L.<br>Vous aurez alors acc\u00e8s \u00e0 l\u2019ensemble des offres et demandes disponibles dans l\u2019association au travers du site web. Si certains membres ne souhaitent pas utiliser internet, un r\u00e9f\u00e9rent lui sera d\u00e9sign\u00e9 pour lui transmettre les offres et publier ses demandes.<br>Pour \u00e9changer entre eux, les adh\u00e9rents se contactent individuellement.<br>Apr\u00e8s s\u2019\u00eatre mis d\u2019accord, ils saisissent le d\u00e9tail de leur \u00e9change sur le site web afin de mettre \u00e0 jour leurs soldes en MLF.<br>La valeur de l\u2019\u00e9change sera fix\u00e9e d\u2019un commun accord par les deux parties. Sachant que la MLF est bas\u00e9e sur le temps pass\u00e9, le travail effectu\u00e9, la valeur d\u2019usage et non la valeur marchande, APRINA propose de fixer \u00e0 titre indicatif \u00e0 <strong>5 MLF<\/strong> une heure de service rendu.<br>Lors de la premi\u00e8re adh\u00e9sion, tous les comptes seront cr\u00e9dit\u00e9s de 50 MLF et puis seront tant\u00f4t d\u00e9biteur tant\u00f4t cr\u00e9diteur selon les services ou les biens fournis ou re\u00e7us. Le but d\u2019un SEL n\u2019\u00e9tant ni la capitalisation ni l\u2019exploitation unilat\u00e9rale (on donne ET on re\u00e7oit), le seuil \u00e0 ne pas d\u00e9passer en d\u00e9bit ou en cr\u00e9dit est actuellement d\u00e9fini \u00e0 300MLF.<br><br>Si votre prestation en MLF n\u00e9cessite \u00e9galement l\u2019achat de mat\u00e9riel de votre part, vous pourrez demander le remboursement en euros des frais avanc\u00e9s.<\/p>\n\n\n\n<p><\/p>\n\n\n\n<p><strong><em>Sur ce, l\u2019\u00e9quipe d\u2019APRINA vous souhaite de belles rencontres<\/em> <em>et de bons \u00e9changes !<\/em><\/strong><\/p>\n\n\n\n<p class=\"has-text-align-center\"><strong>R\u00e9f\u00e9rent APRINA S.E.L.<\/strong><\/p>\n\n\n\n<p class=\"has-text-align-center\">Christian 06 21 38 29 32<\/p>\n\n\n\n<p class=\"has-text-align-center\">mangec@posteo.net<\/p>\n\n\n\n<p><\/p>\n","protected":false},"excerpt":{"rendered":"<p>Le S.E.L., qu&rsquo;est-ce que c&rsquo;est ? S.E.L. est l\u2019acronyme de Syst\u00e8me d\u2019\u00c9change Local.C&rsquo;est un syst\u00e8me&nbsp;non-marchand&nbsp;de partage repr\u00e9sent\u00e9 par un groupe de personnes&nbsp;de taille variable (de 30 \u00e0 600 adh\u00e9rents voire plus, et m\u00eame moins) o\u00f9 chacun met des biens, connaissances ou savoir-faire au service des autres.Les \u00e9changes, au sein d\u2019un SEL, sont r\u00e9gies par une &hellip; <\/p>\n<p class=\"link-more\"><a href=\"https:\/\/aprina.org\/index.php\/demarrage-du-sel\/\" class=\"more-link\">Continuer la lecture<span class=\"screen-reader-text\"> de &laquo;&nbsp;D\u00e9marrage du SEL&nbsp;&raquo;<\/span><\/a><\/p>\n","protected":false},"author":3,"featured_media":0,"parent":0,"menu_order":0,"comment_status":"closed","ping_status":"closed","template":"","meta":{"footnotes":""},"class_list":["post-467","page","type-page","status-publish","hentry"],"_links":{"self":[{"href":"https:\/\/aprina.org\/index.php\/wp-json\/wp\/v2\/pages\/467","targetHints":{"allow":["GET"]}}],"collection":[{"href":"https:\/\/aprina.org\/index.php\/wp-json\/wp\/v2\/pages"}],"about":[{"href":"https:\/\/aprina.org\/index.php\/wp-json\/wp\/v2\/types\/page"}],"author":[{"embeddable":true,"href":"https:\/\/aprina.org\/index.php\/wp-json\/wp\/v2\/users\/3"}],"replies":[{"embeddable":true,"href":"https:\/\/aprina.org\/index.php\/wp-json\/wp\/v2\/comments?post=467"}],"version-history":[{"count":27,"href":"https:\/\/aprina.org\/index.php\/wp-json\/wp\/v2\/pages\/467\/revisions"}],"predecessor-version":[{"id":1117,"href":"https:\/\/aprina.org\/index.php\/wp-json\/wp\/v2\/pages\/467\/revisions\/1117"}],"wp:attachment":[{"href":"https:\/\/aprina.org\/index.php\/wp-json\/wp\/v2\/media?parent=467"}],"curies":[{"name":"wp","href":"https:\/\/api.w.org\/{rel}","templated":true}]}}