{"id":711,"date":"2022-08-17T17:56:41","date_gmt":"2022-08-17T15:56:41","guid":{"rendered":"https:\/\/aprina.org\/?page_id=711"},"modified":"2024-08-23T14:55:18","modified_gmt":"2024-08-23T12:55:18","slug":"ateliers-apiculture","status":"publish","type":"page","link":"https:\/\/aprina.org\/index.php\/projets\/ateliers-apiculture\/","title":{"rendered":"Budget participatif d&rsquo;Ile-de-France : Ateliers apiculture : projet s\u00e9lectionn\u00e9 !"},"content":{"rendered":"\n<figure class=\"wp-block-image size-large\"><img loading=\"lazy\" decoding=\"async\" width=\"950\" height=\"311\" src=\"https:\/\/aprina.org\/wp-content\/uploads\/2022\/09\/visuel_sept.jpg\" alt=\"\" class=\"wp-image-725\" srcset=\"https:\/\/aprina.org\/wp-content\/uploads\/2022\/09\/visuel_sept.jpg 950w, https:\/\/aprina.org\/wp-content\/uploads\/2022\/09\/visuel_sept-300x98.jpg 300w, https:\/\/aprina.org\/wp-content\/uploads\/2022\/09\/visuel_sept-768x251.jpg 768w\" sizes=\"auto, (max-width: 767px) 89vw, (max-width: 1000px) 54vw, (max-width: 1071px) 543px, 580px\" \/><figcaption>atelier apiculture \u00e0 Mormant<\/figcaption><\/figure>\n\n\n\n<p><strong>Notre projet \u00ab&nbsp;Les abeilles reines de nos campagnes, ateliers apiculture \u00e0 Mormant&nbsp;\u00bb est laur\u00e9at <\/strong>de la 4<sup>\u00e8me<\/sup>&nbsp;\u00e9dition du&nbsp;<a rel=\"noreferrer noopener\" href=\"https:\/\/budgetparticipatif.smartidf.services\/project\/le-budget-participatif-ecologique-4eme-edition\/collect\/depot-des-projets\/proposals\/les-abeilles-reines-de-nos-campagnes-atelier-apiculture-a-mormant\" target=\"_blank\">Budget participatif \u00e9cologique et solidaire de la r\u00e9gion \u00cele-de-France<\/a>.<\/p>\n\n\n\n<p>\ud83d\udc49 <strong>Vous rendre directement \u00e0 la <a rel=\"noreferrer noopener\" href=\"https:\/\/aprina.org\/index.php\/apiculture\/\" data-type=\"URL\" data-id=\"https:\/\/aprina.org\/index.php\/apiculture\/\" target=\"_blank\">page apiculture<\/a> pour d\u00e9couvrir le planning des ateliers<\/strong><\/p>\n\n\n\n<p>\ud83d\udc47<strong>D\u00e9tail du projet <\/strong>\ud83d\udc47<br>Pour sensibiliser petits et grands \u00e0 la sauvegarde des abeilles, l\u2019association va acheter une vingtaine de colonies, des tenues adapt\u00e9es et du mat\u00e9riel s\u00e9curis\u00e9 pour recevoir les visiteurs dans les meilleures conditions.<\/p>\n\n\n\n<p>Initiative de l\u2019association APRINA, ce projet est&nbsp;<strong>soutenu par Pierre-Yves Nicot, maire de Mormant<\/strong>.<br><strong>Nous recherchons maintenant activement des terrains pour accueillir les ruches<\/strong> sur la Communaut\u00e9 de Communes de la Brie Nangissienne afin d&rsquo;optimiser la survie des abeilles. <\/p>\n\n\n\n<p><strong><em>Nous comptons sur vous. Merci !<\/em><\/strong><\/p>\n\n\n\n<p><strong>PRESENTATION DU PROJET<\/strong><\/p>\n\n\n\n<p>Ouvri\u00e8res indispensables \u00e0 la biodiversit\u00e9, les abeilles garantissent la survie des plantes et participent au d\u00e9veloppement d\u2019un tiers des aliments que nous consommons. Sur pr\u00e8s de 27km2 elles polliniseront les arbres fruitiers, s\u2019attarderont dans les potagers, et bien s\u00fbr, elles fourniront du miel !<\/p>\n\n\n\n<p>Des&nbsp;<strong>ateliers p\u00e9dagogiques<\/strong>&nbsp;seront propos\u00e9s aux \u00e9coles :<br>Gr\u00e2ce \u00e0&nbsp;<strong>une ruche transparente<\/strong>, les enfants pourront voir l\u2019organisation d\u2019une colonie, le travail des abeilles et peut-\u00eatre m\u00eame retrouver la reine !<br>APRINA proposera \u00e9galement des ateliers&nbsp;<strong>pour les plus grands<\/strong>&nbsp;(ados et adultes),&nbsp;<strong>sur sites<\/strong>, avec des&nbsp;<strong>tenues adapt\u00e9es et s\u00e9curis\u00e9es<\/strong>. Par groupe de 5 visiteurs maximum autour d\u2019une ruche, chacun pourra participer au pr\u00e9l\u00e8vement des cadres, \u00e0 l\u2019enfumage, ou&nbsp;<strong>apprendre toutes les \u00e9tapes de l\u2019apiculture<\/strong>&nbsp;en suivant les membres de l\u2019association jusqu\u2019aux extracteurs de miel.<br>Ces ateliers seront&nbsp;<strong>supervis\u00e9s par&nbsp;<a rel=\"noreferrer noopener\" href=\"https:\/\/youtu.be\/krBtLay8V5g\" target=\"_blank\">Claude Lesage<\/a>, apiculteur \u00e0 Mormant et animateur<\/strong>&nbsp;d\u2019ateliers p\u00e9dagogiques depuis les ann\u00e9es 90\u2019s.<\/p>\n\n\n\n<p> <a href=\"https:\/\/www.facebook.com\/ateliersapiculturemormant\" data-type=\"URL\" data-id=\"https:\/\/www.facebook.com\/ateliersapiculturemormant\">Page facebook<\/a><\/p>\n","protected":false},"excerpt":{"rendered":"<p>Notre projet \u00ab&nbsp;Les abeilles reines de nos campagnes, ateliers apiculture \u00e0 Mormant&nbsp;\u00bb est laur\u00e9at de la 4\u00e8me&nbsp;\u00e9dition du&nbsp;Budget participatif \u00e9cologique et solidaire de la r\u00e9gion \u00cele-de-France. \ud83d\udc49 Vous rendre directement \u00e0 la page apiculture pour d\u00e9couvrir le planning des ateliers \ud83d\udc47D\u00e9tail du projet \ud83d\udc47Pour sensibiliser petits et grands \u00e0 la sauvegarde des abeilles, l\u2019association va &hellip; <\/p>\n<p class=\"link-more\"><a href=\"https:\/\/aprina.org\/index.php\/projets\/ateliers-apiculture\/\" class=\"more-link\">Continuer la lecture<span class=\"screen-reader-text\"> de &laquo;&nbsp;Budget participatif d&rsquo;Ile-de-France : Ateliers apiculture : projet s\u00e9lectionn\u00e9 !&nbsp;&raquo;<\/span><\/a><\/p>\n","protected":false},"author":3,"featured_media":0,"parent":346,"menu_order":0,"comment_status":"closed","ping_status":"closed","template":"","meta":{"footnotes":""},"class_list":["post-711","page","type-page","status-publish","hentry"],"_links":{"self":[{"href":"https:\/\/aprina.org\/index.php\/wp-json\/wp\/v2\/pages\/711","targetHints":{"allow":["GET"]}}],"collection":[{"href":"https:\/\/aprina.org\/index.php\/wp-json\/wp\/v2\/pages"}],"about":[{"href":"https:\/\/aprina.org\/index.php\/wp-json\/wp\/v2\/types\/page"}],"author":[{"embeddable":true,"href":"https:\/\/aprina.org\/index.php\/wp-json\/wp\/v2\/users\/3"}],"replies":[{"embeddable":true,"href":"https:\/\/aprina.org\/index.php\/wp-json\/wp\/v2\/comments?post=711"}],"version-history":[{"count":14,"href":"https:\/\/aprina.org\/index.php\/wp-json\/wp\/v2\/pages\/711\/revisions"}],"predecessor-version":[{"id":962,"href":"https:\/\/aprina.org\/index.php\/wp-json\/wp\/v2\/pages\/711\/revisions\/962"}],"up":[{"embeddable":true,"href":"https:\/\/aprina.org\/index.php\/wp-json\/wp\/v2\/pages\/346"}],"wp:attachment":[{"href":"https:\/\/aprina.org\/index.php\/wp-json\/wp\/v2\/media?parent=711"}],"curies":[{"name":"wp","href":"https:\/\/api.w.org\/{rel}","templated":true}]}}