{"id":779,"date":"2023-03-31T17:52:11","date_gmt":"2023-03-31T15:52:11","guid":{"rendered":"https:\/\/aprina.org\/?page_id=779"},"modified":"2025-03-13T16:19:20","modified_gmt":"2025-03-13T15:19:20","slug":"grainotheque","status":"publish","type":"page","link":"https:\/\/aprina.org\/index.php\/grainotheque\/","title":{"rendered":"GRAINOTH\u00c8QUE"},"content":{"rendered":"\n<p>Consulter la liste des graines : <a href=\"https:\/\/docs.google.com\/spreadsheets\/d\/1W6oU_0BdIeCQfef-SIKe1bRel6VSz8T_6GxNKImNvR8\/edit#gid=429451884\">La grainoth\u00e8que d&rsquo;APRINA<\/a><\/p>\n\n\n\n<figure class=\"wp-block-image size-large\"><img loading=\"lazy\" decoding=\"async\" width=\"1024\" height=\"576\" src=\"https:\/\/aprina.org\/wp-content\/uploads\/2023\/03\/20230324_143310-1024x576.jpg\" alt=\"\" class=\"wp-image-797\" srcset=\"https:\/\/aprina.org\/wp-content\/uploads\/2023\/03\/20230324_143310-1024x576.jpg 1024w, https:\/\/aprina.org\/wp-content\/uploads\/2023\/03\/20230324_143310-300x169.jpg 300w, https:\/\/aprina.org\/wp-content\/uploads\/2023\/03\/20230324_143310-768x432.jpg 768w, https:\/\/aprina.org\/wp-content\/uploads\/2023\/03\/20230324_143310-1536x864.jpg 1536w, https:\/\/aprina.org\/wp-content\/uploads\/2023\/03\/20230324_143310-2048x1152.jpg 2048w, https:\/\/aprina.org\/wp-content\/uploads\/2023\/03\/20230324_143310-1320x743.jpg 1320w\" sizes=\"auto, (max-width: 767px) 89vw, (max-width: 1000px) 54vw, (max-width: 1071px) 543px, 580px\" \/><\/figure>\n\n\n\n<p><strong>APRINA d\u00e9veloppe sa grainoth\u00e8que<\/strong><\/p>\n\n\n\n<p>maintenant disponible : <a href=\"https:\/\/docs.google.com\/spreadsheets\/d\/1W6oU_0BdIeCQfef-SIKe1bRel6VSz8T_6GxNKImNvR8\/edit#gid=429451884\" target=\"_blank\" rel=\"noreferrer noopener\">le fichier destin\u00e9 \u00e0 r\u00e9f\u00e9rencer toutes les graines<\/a> par origine, ann\u00e9e de pr\u00e9l\u00e8vement et localisation dans la grainoth\u00e8que. Associ\u00e9e au <a href=\"https:\/\/aprina.org\/index.php\/demarrage-du-sel\/\">syst\u00e8me d\u2019\u00e9change local (SEL)<\/a>, la grainoth\u00e8que est \u00e0 l\u2019usage des adh\u00e9rents et d\u2019autres associations participant \u00e0 un SEL et utilisant une monnaie locale. Le principe de fonctionnement est le suivant&nbsp;:<\/p>\n\n\n\n<p>Dans un premier temps APRINA doit acheter les graines ou recevoir des dons. Ces graines certifi\u00e9es conformes au cahier des charges de la grainoth\u00e8que (reproductibles et bio) sont sem\u00e9es (au <a href=\"https:\/\/aprina.org\/index.php\/jardins\/\">jardin partag\u00e9 <\/a>par exemple). Les fruits issus de ces plants sont consomm\u00e9s, sauf quelques uns sur lesquels seront pr\u00e9lev\u00e9es de nouvelles graines qui int\u00e9greront la grainoth\u00e8que et ainsi de suite. <br>Les graines trop anciennes sont \u00e9limin\u00e9es de la grainoth\u00e8que et sem\u00e9es \u00e0 tout vent. Dans le m\u00eame temps notre r\u00e9f\u00e9rentiel est mis \u00e0 jour. Ce r\u00e9f\u00e9rentiel sera bient\u00f4t accessible aux adh\u00e9rents (et non adh\u00e9rents) via le site internet d&rsquo;APRINA, en contactant le <a href=\"mailto: aprina@laposte.net\" data-type=\"mailto\" data-id=\"mailto: aprina@laposte.net\">Bureau de l&rsquo;association<\/a>.<\/p>\n\n\n\n<p><strong>R\u00e9f\u00e9rente Grainoth\u00e8que : Christian Marrec<br>T\u00e9l :  06 87 19 10 99<br>E-mail : Christian-marrec@wanadoo.fr<\/strong><\/p>\n","protected":false},"excerpt":{"rendered":"<p>Consulter la liste des graines : La grainoth\u00e8que d&rsquo;APRINA APRINA d\u00e9veloppe sa grainoth\u00e8que maintenant disponible : le fichier destin\u00e9 \u00e0 r\u00e9f\u00e9rencer toutes les graines par origine, ann\u00e9e de pr\u00e9l\u00e8vement et localisation dans la grainoth\u00e8que. Associ\u00e9e au syst\u00e8me d\u2019\u00e9change local (SEL), la grainoth\u00e8que est \u00e0 l\u2019usage des adh\u00e9rents et d\u2019autres associations participant \u00e0 un SEL et &hellip; <\/p>\n<p class=\"link-more\"><a href=\"https:\/\/aprina.org\/index.php\/grainotheque\/\" class=\"more-link\">Continuer la lecture<span class=\"screen-reader-text\"> de &laquo;&nbsp;GRAINOTH\u00c8QUE&nbsp;&raquo;<\/span><\/a><\/p>\n","protected":false},"author":3,"featured_media":0,"parent":0,"menu_order":0,"comment_status":"closed","ping_status":"closed","template":"","meta":{"footnotes":""},"class_list":["post-779","page","type-page","status-publish","hentry"],"_links":{"self":[{"href":"https:\/\/aprina.org\/index.php\/wp-json\/wp\/v2\/pages\/779","targetHints":{"allow":["GET"]}}],"collection":[{"href":"https:\/\/aprina.org\/index.php\/wp-json\/wp\/v2\/pages"}],"about":[{"href":"https:\/\/aprina.org\/index.php\/wp-json\/wp\/v2\/types\/page"}],"author":[{"embeddable":true,"href":"https:\/\/aprina.org\/index.php\/wp-json\/wp\/v2\/users\/3"}],"replies":[{"embeddable":true,"href":"https:\/\/aprina.org\/index.php\/wp-json\/wp\/v2\/comments?post=779"}],"version-history":[{"count":9,"href":"https:\/\/aprina.org\/index.php\/wp-json\/wp\/v2\/pages\/779\/revisions"}],"predecessor-version":[{"id":1073,"href":"https:\/\/aprina.org\/index.php\/wp-json\/wp\/v2\/pages\/779\/revisions\/1073"}],"wp:attachment":[{"href":"https:\/\/aprina.org\/index.php\/wp-json\/wp\/v2\/media?parent=779"}],"curies":[{"name":"wp","href":"https:\/\/api.w.org\/{rel}","templated":true}]}}